{"id":10,"date":"2023-02-21T09:50:20","date_gmt":"2023-02-21T09:50:20","guid":{"rendered":"https:\/\/giudeccaarquitectos.com\/?page_id=10"},"modified":"2023-05-23T12:58:23","modified_gmt":"2023-05-23T12:58:23","slug":"news","status":"publish","type":"page","link":"https:\/\/giudeccaarquitectos.com\/en\/news\/","title":{"rendered":"News"},"content":{"rendered":"<div data-elementor-type=\"wp-page\" data-elementor-id=\"10\" class=\"elementor elementor-10\">\n\t\t\t\t\t\t<section class=\"elementor-section elementor-top-section elementor-element elementor-element-2c4ac38 animated-slow elementor-section-boxed elementor-section-height-default elementor-section-height-default elementor-invisible\" data-id=\"2c4ac38\" data-element_type=\"section\" data-settings=\"{&quot;animation&quot;:&quot;fadeIn&quot;,&quot;animation_delay&quot;:200}\">\n\t\t\t\t\t\t<div class=\"elementor-container elementor-column-gap-default\">\n\t\t\t\t\t<div class=\"elementor-column elementor-col-100 elementor-top-column elementor-element elementor-element-7471ee0\" data-id=\"7471ee0\" data-element_type=\"column\">\n\t\t\t<div class=\"elementor-widget-wrap elementor-element-populated\">\n\t\t\t\t\t\t<div class=\"elementor-element elementor-element-6abc881 noticias-text elementor-grid-tablet-3 elementor-grid-3 elementor-grid-mobile-1 elementor-posts--thumbnail-top elementor-posts__hover-gradient elementor-widget elementor-widget-posts\" data-id=\"6abc881\" data-element_type=\"widget\" data-settings=\"{&quot;cards_columns_tablet&quot;:&quot;3&quot;,&quot;cards_columns&quot;:&quot;3&quot;,&quot;cards_columns_mobile&quot;:&quot;1&quot;,&quot;cards_row_gap&quot;:{&quot;unit&quot;:&quot;px&quot;,&quot;size&quot;:35,&quot;sizes&quot;:[]},&quot;cards_row_gap_tablet&quot;:{&quot;unit&quot;:&quot;px&quot;,&quot;size&quot;:&quot;&quot;,&quot;sizes&quot;:[]},&quot;cards_row_gap_mobile&quot;:{&quot;unit&quot;:&quot;px&quot;,&quot;size&quot;:&quot;&quot;,&quot;sizes&quot;:[]}}\" data-widget_type=\"posts.cards\">\n\t\t\t\t<div class=\"elementor-widget-container\">\n\t\t\t<link rel=\"stylesheet\" href=\"https:\/\/giudeccaarquitectos.com\/wp-content\/plugins\/elementor-pro\/assets\/css\/widget-posts.min.css\">\t\t<div class=\"elementor-posts-container elementor-posts elementor-posts--skin-cards elementor-grid\">\n\t\t\t\t<article class=\"elementor-post elementor-grid-item post-2974 post type-post status-publish format-standard has-post-thumbnail hentry category-sin-categorizar\">\n\t\t\t<div class=\"elementor-post__card\">\n\t\t\t\t<a class=\"elementor-post__thumbnail__link\" href=\"https:\/\/giudeccaarquitectos.com\/en\/borrador-automatico-2\/\" ><div class=\"elementor-post__thumbnail\"><img fetchpriority=\"high\" decoding=\"async\" width=\"1772\" height=\"1181\" src=\"https:\/\/giudeccaarquitectos.com\/wp-content\/uploads\/2023\/11\/figura3_REV.jpg\" class=\"attachment-full size-full wp-image-2977\" alt=\"\" srcset=\"https:\/\/giudeccaarquitectos.com\/wp-content\/uploads\/2023\/11\/figura3_REV.jpg 1772w, https:\/\/giudeccaarquitectos.com\/wp-content\/uploads\/2023\/11\/figura3_REV-300x200.jpg 300w, https:\/\/giudeccaarquitectos.com\/wp-content\/uploads\/2023\/11\/figura3_REV-1024x682.jpg 1024w, https:\/\/giudeccaarquitectos.com\/wp-content\/uploads\/2023\/11\/figura3_REV-768x512.jpg 768w, https:\/\/giudeccaarquitectos.com\/wp-content\/uploads\/2023\/11\/figura3_REV-1536x1024.jpg 1536w, https:\/\/giudeccaarquitectos.com\/wp-content\/uploads\/2023\/11\/figura3_REV-18x12.jpg 18w\" sizes=\"(max-width: 1772px) 100vw, 1772px\" \/><\/div><\/a>\n\t\t\t\t<div class=\"elementor-post__text\">\n\t\t\t\t<h3 class=\"elementor-post__title\">\n\t\t\t<a href=\"https:\/\/giudeccaarquitectos.com\/en\/borrador-automatico-2\/\" >\n\t\t\t\tRalfh Erskine, nuevo art\u00edculo publicado en Ralfh Erskine, nuevo art\u00edculo publicado en PPA\t\t\t<\/a>\n\t\t<\/h3>\n\t\t\t\t<div class=\"elementor-post__excerpt\">\n\t\t\t<p>Los componentes de Giudecca Arquitectos, Melina Pozo, Esther Mayoral y Crist\u00f3bal Mir\u00f3 han publicado un nuevo art\u00edculo en la \u00faltima edici\u00f3n de la revista cient\u00edfica<\/p>\n\t\t<\/div>\n\t\t\t\t\t<div class=\"elementor-post__read-more-wrapper\">\n\t\t\n\t\t<a class=\"elementor-post__read-more\" href=\"https:\/\/giudeccaarquitectos.com\/en\/borrador-automatico-2\/\" >\n\t\t\tRead more \u00bb\t\t<\/a>\n\n\t\t\t\t\t<\/div>\n\t\t\t\t<\/div>\n\t\t\t\t\t<\/div>\n\t\t<\/article>\n\t\t\t\t<article class=\"elementor-post elementor-grid-item post-2703 post type-post status-publish format-standard has-post-thumbnail hentry category-sin-categorizar\">\n\t\t\t<div class=\"elementor-post__card\">\n\t\t\t\t<a class=\"elementor-post__thumbnail__link\" href=\"https:\/\/giudeccaarquitectos.com\/en\/in-process\/\" ><div class=\"elementor-post__thumbnail\"><img decoding=\"async\" width=\"3840\" height=\"2160\" src=\"https:\/\/giudeccaarquitectos.com\/wp-content\/uploads\/2023\/06\/6a77ce14-61e1-4694-bed8-b2b11e7af2f3-1.png\" class=\"attachment-full size-full wp-image-2644\" alt=\"\" srcset=\"https:\/\/giudeccaarquitectos.com\/wp-content\/uploads\/2023\/06\/6a77ce14-61e1-4694-bed8-b2b11e7af2f3-1.png 3840w, https:\/\/giudeccaarquitectos.com\/wp-content\/uploads\/2023\/06\/6a77ce14-61e1-4694-bed8-b2b11e7af2f3-1-300x169.png 300w, https:\/\/giudeccaarquitectos.com\/wp-content\/uploads\/2023\/06\/6a77ce14-61e1-4694-bed8-b2b11e7af2f3-1-1024x576.png 1024w, https:\/\/giudeccaarquitectos.com\/wp-content\/uploads\/2023\/06\/6a77ce14-61e1-4694-bed8-b2b11e7af2f3-1-768x432.png 768w, https:\/\/giudeccaarquitectos.com\/wp-content\/uploads\/2023\/06\/6a77ce14-61e1-4694-bed8-b2b11e7af2f3-1-1536x864.png 1536w, https:\/\/giudeccaarquitectos.com\/wp-content\/uploads\/2023\/06\/6a77ce14-61e1-4694-bed8-b2b11e7af2f3-1-2048x1152.png 2048w, https:\/\/giudeccaarquitectos.com\/wp-content\/uploads\/2023\/06\/6a77ce14-61e1-4694-bed8-b2b11e7af2f3-1-18x10.png 18w\" sizes=\"(max-width: 3840px) 100vw, 3840px\" \/><\/div><\/a>\n\t\t\t\t<div class=\"elementor-post__text\">\n\t\t\t\t<h3 class=\"elementor-post__title\">\n\t\t\t<a href=\"https:\/\/giudeccaarquitectos.com\/en\/in-process\/\" >\n\t\t\t\tin process\t\t\t<\/a>\n\t\t<\/h3>\n\t\t\t\t<div class=\"elementor-post__excerpt\">\n\t\t\t<p>Avanza el desarrollo de vivienda unifamiliar en Cabeza la Vaca<\/p>\n\t\t<\/div>\n\t\t\t\t\t<div class=\"elementor-post__read-more-wrapper\">\n\t\t\n\t\t<a class=\"elementor-post__read-more\" href=\"https:\/\/giudeccaarquitectos.com\/en\/in-process\/\" >\n\t\t\tRead more \u00bb\t\t<\/a>\n\n\t\t\t\t\t<\/div>\n\t\t\t\t<\/div>\n\t\t\t\t\t<\/div>\n\t\t<\/article>\n\t\t\t\t<article class=\"elementor-post elementor-grid-item post-1032 post type-post status-publish format-standard has-post-thumbnail hentry category-noticias\">\n\t\t\t<div class=\"elementor-post__card\">\n\t\t\t\t<a class=\"elementor-post__thumbnail__link\" href=\"https:\/\/giudeccaarquitectos.com\/en\/giudecca-arquitectos-participa-en-el-workshop-internacional-de-la-xx-bienal-de-chile\/\" ><div class=\"elementor-post__thumbnail\"><img decoding=\"async\" width=\"740\" height=\"1095\" src=\"https:\/\/giudeccaarquitectos.com\/wp-content\/uploads\/2023\/03\/Giudecca-Arquitectos-participa-en-el-Workshop-Internacional-de-la-XX-Bienal-de-Chile.jpg\" class=\"attachment-full size-full wp-image-1033\" alt=\"\" srcset=\"https:\/\/giudeccaarquitectos.com\/wp-content\/uploads\/2023\/03\/Giudecca-Arquitectos-participa-en-el-Workshop-Internacional-de-la-XX-Bienal-de-Chile.jpg 740w, https:\/\/giudeccaarquitectos.com\/wp-content\/uploads\/2023\/03\/Giudecca-Arquitectos-participa-en-el-Workshop-Internacional-de-la-XX-Bienal-de-Chile-203x300.jpg 203w, https:\/\/giudeccaarquitectos.com\/wp-content\/uploads\/2023\/03\/Giudecca-Arquitectos-participa-en-el-Workshop-Internacional-de-la-XX-Bienal-de-Chile-692x1024.jpg 692w, https:\/\/giudeccaarquitectos.com\/wp-content\/uploads\/2023\/03\/Giudecca-Arquitectos-participa-en-el-Workshop-Internacional-de-la-XX-Bienal-de-Chile-8x12.jpg 8w\" sizes=\"(max-width: 740px) 100vw, 740px\" \/><\/div><\/a>\n\t\t\t\t<div class=\"elementor-post__text\">\n\t\t\t\t<h3 class=\"elementor-post__title\">\n\t\t\t<a href=\"https:\/\/giudeccaarquitectos.com\/en\/giudecca-arquitectos-participa-en-el-workshop-internacional-de-la-xx-bienal-de-chile\/\" >\n\t\t\t\tGiudecca Arquitectos participates in the International Workshop of the XX Chile Biennial\t\t\t<\/a>\n\t\t<\/h3>\n\t\t\t\t<div class=\"elementor-post__excerpt\">\n\t\t\t<p>An International Architecture Workshop is an event organized to bring together architects and students of architecture from different parts of the world with the aim of<\/p>\n\t\t<\/div>\n\t\t\t\t\t<div class=\"elementor-post__read-more-wrapper\">\n\t\t\n\t\t<a class=\"elementor-post__read-more\" href=\"https:\/\/giudeccaarquitectos.com\/en\/giudecca-arquitectos-participa-en-el-workshop-internacional-de-la-xx-bienal-de-chile\/\" >\n\t\t\tRead more \u00bb\t\t<\/a>\n\n\t\t\t\t\t<\/div>\n\t\t\t\t<\/div>\n\t\t\t\t\t<\/div>\n\t\t<\/article>\n\t\t\t\t<article class=\"elementor-post elementor-grid-item post-1029 post type-post status-publish format-standard has-post-thumbnail hentry category-docencia category-noticias\">\n\t\t\t<div class=\"elementor-post__card\">\n\t\t\t\t<a class=\"elementor-post__thumbnail__link\" href=\"https:\/\/giudeccaarquitectos.com\/en\/melina-pozo-bernal-lee-su-tesis-doctoral\/\" ><div class=\"elementor-post__thumbnail\"><img loading=\"lazy\" decoding=\"async\" width=\"740\" height=\"740\" src=\"https:\/\/giudeccaarquitectos.com\/wp-content\/uploads\/2023\/03\/b9deca_e52af543e056422cad936891cbfe25b6_mv2.jpg\" class=\"attachment-full size-full wp-image-1030\" alt=\"\" srcset=\"https:\/\/giudeccaarquitectos.com\/wp-content\/uploads\/2023\/03\/b9deca_e52af543e056422cad936891cbfe25b6_mv2.jpg 740w, https:\/\/giudeccaarquitectos.com\/wp-content\/uploads\/2023\/03\/b9deca_e52af543e056422cad936891cbfe25b6_mv2-300x300.jpg 300w, https:\/\/giudeccaarquitectos.com\/wp-content\/uploads\/2023\/03\/b9deca_e52af543e056422cad936891cbfe25b6_mv2-150x150.jpg 150w, https:\/\/giudeccaarquitectos.com\/wp-content\/uploads\/2023\/03\/b9deca_e52af543e056422cad936891cbfe25b6_mv2-12x12.jpg 12w\" sizes=\"(max-width: 740px) 100vw, 740px\" \/><\/div><\/a>\n\t\t\t\t<div class=\"elementor-post__text\">\n\t\t\t\t<h3 class=\"elementor-post__title\">\n\t\t\t<a href=\"https:\/\/giudeccaarquitectos.com\/en\/melina-pozo-bernal-lee-su-tesis-doctoral\/\" >\n\t\t\t\tMelina Pozo Bernal reads her Doctoral Thesis\t\t\t<\/a>\n\t\t<\/h3>\n\t\t\t\t<div class=\"elementor-post__excerpt\">\n\t\t\t<p>Architect Melina Pozo Bernal read her Doctoral Thesis in the month of September 2017 her Doctoral Thesis THE DISSOLUTION OF THE CLASSROOM. MAP OF<\/p>\n\t\t<\/div>\n\t\t\t\t\t<div class=\"elementor-post__read-more-wrapper\">\n\t\t\n\t\t<a class=\"elementor-post__read-more\" href=\"https:\/\/giudeccaarquitectos.com\/en\/melina-pozo-bernal-lee-su-tesis-doctoral\/\" >\n\t\t\tRead more \u00bb\t\t<\/a>\n\n\t\t\t\t\t<\/div>\n\t\t\t\t<\/div>\n\t\t\t\t\t<\/div>\n\t\t<\/article>\n\t\t\t\t<article class=\"elementor-post elementor-grid-item post-1025 post type-post status-publish format-standard has-post-thumbnail hentry category-docencia category-noticias\">\n\t\t\t<div class=\"elementor-post__card\">\n\t\t\t\t<a class=\"elementor-post__thumbnail__link\" href=\"https:\/\/giudeccaarquitectos.com\/en\/cristobal-miro-miro-lee-su-tesis-doctoral\/\" ><div class=\"elementor-post__thumbnail\"><img loading=\"lazy\" decoding=\"async\" width=\"740\" height=\"728\" src=\"https:\/\/giudeccaarquitectos.com\/wp-content\/uploads\/2023\/03\/b9deca_6745a021c50f474ca30e862b2a521776_mv2.jpg\" class=\"attachment-full size-full wp-image-1026\" alt=\"\" srcset=\"https:\/\/giudeccaarquitectos.com\/wp-content\/uploads\/2023\/03\/b9deca_6745a021c50f474ca30e862b2a521776_mv2.jpg 740w, https:\/\/giudeccaarquitectos.com\/wp-content\/uploads\/2023\/03\/b9deca_6745a021c50f474ca30e862b2a521776_mv2-300x295.jpg 300w, https:\/\/giudeccaarquitectos.com\/wp-content\/uploads\/2023\/03\/b9deca_6745a021c50f474ca30e862b2a521776_mv2-12x12.jpg 12w\" sizes=\"(max-width: 740px) 100vw, 740px\" \/><\/div><\/a>\n\t\t\t\t<div class=\"elementor-post__text\">\n\t\t\t\t<h3 class=\"elementor-post__title\">\n\t\t\t<a href=\"https:\/\/giudeccaarquitectos.com\/en\/cristobal-miro-miro-lee-su-tesis-doctoral\/\" >\n\t\t\t\tCristobal Mir\u00f3 Mir\u00f3 reads his doctoral thesis\t\t\t<\/a>\n\t\t<\/h3>\n\t\t\t\t<div class=\"elementor-post__excerpt\">\n\t\t\t<p>In September 2017, Cristobal Mir\u00f3 Mir\u00f3 read his PhD Thesis LA INNOVACI\u00d3N TECNOLOGICA EN ARQUITECTURA. PROJECT OFFICES IN SEVILLE, 1950-75, at the ETSAS<\/p>\n\t\t<\/div>\n\t\t\t\t\t<div class=\"elementor-post__read-more-wrapper\">\n\t\t\n\t\t<a class=\"elementor-post__read-more\" href=\"https:\/\/giudeccaarquitectos.com\/en\/cristobal-miro-miro-lee-su-tesis-doctoral\/\" >\n\t\t\tRead more \u00bb\t\t<\/a>\n\n\t\t\t\t\t<\/div>\n\t\t\t\t<\/div>\n\t\t\t\t\t<\/div>\n\t\t<\/article>\n\t\t\t\t<\/div>\n\t\t\n\t\t\t\t<\/div>\n\t\t\t\t<\/div>\n\t\t\t\t\t<\/div>\n\t\t<\/div>\n\t\t\t\t\t<\/div>\n\t\t<\/section>\n\t\t\t\t<\/div>","protected":false},"excerpt":{"rendered":"","protected":false},"author":1,"featured_media":0,"parent":0,"menu_order":0,"comment_status":"closed","ping_status":"closed","template":"elementor_header_footer","meta":{"site-sidebar-layout":"no-sidebar","site-content-layout":"page-builder","ast-site-content-layout":"","site-content-style":"default","site-sidebar-style":"default","ast-global-header-display":"","ast-banner-title-visibility":"","ast-main-header-display":"","ast-hfb-above-header-display":"","ast-hfb-below-header-display":"","ast-hfb-mobile-header-display":"","site-post-title":"disabled","ast-breadcrumbs-content":"","ast-featured-img":"disabled","footer-sml-layout":"","theme-transparent-header-meta":"","adv-header-id-meta":"","stick-header-meta":"","header-above-stick-meta":"","header-main-stick-meta":"","header-below-stick-meta":"","astra-migrate-meta-layouts":"default","ast-page-background-enabled":"default","ast-page-background-meta":{"desktop":{"background-color":"var(--ast-global-color-4)","background-image":"","background-repeat":"repeat","background-position":"center center","background-size":"auto","background-attachment":"scroll","background-type":"","background-media":"","overlay-type":"","overlay-color":"","overlay-gradient":""},"tablet":{"background-color":"","background-image":"","background-repeat":"repeat","background-position":"center center","background-size":"auto","background-attachment":"scroll","background-type":"","background-media":"","overlay-type":"","overlay-color":"","overlay-gradient":""},"mobile":{"background-color":"","background-image":"","background-repeat":"repeat","background-position":"center center","background-size":"auto","background-attachment":"scroll","background-type":"","background-media":"","overlay-type":"","overlay-color":"","overlay-gradient":""}},"ast-content-background-meta":{"desktop":{"background-color":"var(--ast-global-color-5)","background-image":"","background-repeat":"repeat","background-position":"center center","background-size":"auto","background-attachment":"scroll","background-type":"","background-media":"","overlay-type":"","overlay-color":"","overlay-gradient":""},"tablet":{"background-color":"var(--ast-global-color-5)","background-image":"","background-repeat":"repeat","background-position":"center center","background-size":"auto","background-attachment":"scroll","background-type":"","background-media":"","overlay-type":"","overlay-color":"","overlay-gradient":""},"mobile":{"background-color":"var(--ast-global-color-5)","background-image":"","background-repeat":"repeat","background-position":"center center","background-size":"auto","background-attachment":"scroll","background-type":"","background-media":"","overlay-type":"","overlay-color":"","overlay-gradient":""}},"footnotes":""},"class_list":["post-10","page","type-page","status-publish","hentry"],"yoast_head":"<!-- This site is optimized with the Yoast SEO plugin v22.7 - https:\/\/yoast.com\/wordpress\/plugins\/seo\/ -->\n<title>News - Giudecca Arquitectos<\/title>\n<meta name=\"robots\" content=\"index, follow, max-snippet:-1, max-image-preview:large, max-video-preview:-1\" \/>\n<link rel=\"canonical\" href=\"https:\/\/giudeccaarquitectos.com\/en\/news\/\" \/>\n<meta property=\"og:locale\" content=\"en_US\" \/>\n<meta property=\"og:type\" content=\"article\" \/>\n<meta property=\"og:title\" content=\"News - Giudecca Arquitectos\" \/>\n<meta property=\"og:url\" content=\"https:\/\/giudeccaarquitectos.com\/en\/news\/\" \/>\n<meta property=\"og:site_name\" content=\"Giudecca Arquitectos\" \/>\n<meta property=\"article:publisher\" content=\"https:\/\/www.facebook.com\/profile.php?id=100064851346532\" \/>\n<meta property=\"article:modified_time\" content=\"2023-05-23T12:58:23+00:00\" \/>\n<meta name=\"twitter:card\" content=\"summary_large_image\" \/>\n<meta name=\"twitter:site\" content=\"@GiudeccaArqui\" \/>\n<meta name=\"twitter:label1\" content=\"Est. reading time\" \/>\n\t<meta name=\"twitter:data1\" content=\"1 minute\" \/>\n<script type=\"application\/ld+json\" class=\"yoast-schema-graph\">{\"@context\":\"https:\/\/schema.org\",\"@graph\":[{\"@type\":\"WebPage\",\"@id\":\"https:\/\/giudeccaarquitectos.com\/news\/\",\"url\":\"https:\/\/giudeccaarquitectos.com\/news\/\",\"name\":\"News - Giudecca Arquitectos\",\"isPartOf\":{\"@id\":\"https:\/\/giudeccaarquitectos.com\/#website\"},\"datePublished\":\"2023-02-21T09:50:20+00:00\",\"dateModified\":\"2023-05-23T12:58:23+00:00\",\"breadcrumb\":{\"@id\":\"https:\/\/giudeccaarquitectos.com\/news\/#breadcrumb\"},\"inLanguage\":\"en-US\",\"potentialAction\":[{\"@type\":\"ReadAction\",\"target\":[\"https:\/\/giudeccaarquitectos.com\/news\/\"]}]},{\"@type\":\"BreadcrumbList\",\"@id\":\"https:\/\/giudeccaarquitectos.com\/news\/#breadcrumb\",\"itemListElement\":[{\"@type\":\"ListItem\",\"position\":1,\"name\":\"Portada\",\"item\":\"https:\/\/giudeccaarquitectos.com\/\"},{\"@type\":\"ListItem\",\"position\":2,\"name\":\"News\"}]},{\"@type\":\"WebSite\",\"@id\":\"https:\/\/giudeccaarquitectos.com\/#website\",\"url\":\"https:\/\/giudeccaarquitectos.com\/\",\"name\":\"Giudecca Arquitectos\",\"description\":\"\",\"publisher\":{\"@id\":\"https:\/\/giudeccaarquitectos.com\/#organization\"},\"potentialAction\":[{\"@type\":\"SearchAction\",\"target\":{\"@type\":\"EntryPoint\",\"urlTemplate\":\"https:\/\/giudeccaarquitectos.com\/?s={search_term_string}\"},\"query-input\":\"required name=search_term_string\"}],\"inLanguage\":\"en-US\"},{\"@type\":\"Organization\",\"@id\":\"https:\/\/giudeccaarquitectos.com\/#organization\",\"name\":\"Giudecca Arquitectos\",\"url\":\"https:\/\/giudeccaarquitectos.com\/\",\"logo\":{\"@type\":\"ImageObject\",\"inLanguage\":\"en-US\",\"@id\":\"https:\/\/giudeccaarquitectos.com\/#\/schema\/logo\/image\/\",\"url\":\"https:\/\/giudeccaarquitectos.com\/wp-content\/uploads\/2023\/03\/ga2020-logo_-pagiprincipmenos1-1.png\",\"contentUrl\":\"https:\/\/giudeccaarquitectos.com\/wp-content\/uploads\/2023\/03\/ga2020-logo_-pagiprincipmenos1-1.png\",\"width\":245,\"height\":245,\"caption\":\"Giudecca Arquitectos\"},\"image\":{\"@id\":\"https:\/\/giudeccaarquitectos.com\/#\/schema\/logo\/image\/\"},\"sameAs\":[\"https:\/\/www.facebook.com\/profile.php?id=100064851346532\",\"https:\/\/x.com\/GiudeccaArqui\",\"https:\/\/www.instagram.com\/giudeccaarquitectos\/\"]}]}<\/script>\n<!-- \/ Yoast SEO plugin. -->","yoast_head_json":{"title":"News - Giudecca Arquitectos","robots":{"index":"index","follow":"follow","max-snippet":"max-snippet:-1","max-image-preview":"max-image-preview:large","max-video-preview":"max-video-preview:-1"},"canonical":"https:\/\/giudeccaarquitectos.com\/en\/news\/","og_locale":"en_US","og_type":"article","og_title":"News - Giudecca Arquitectos","og_url":"https:\/\/giudeccaarquitectos.com\/en\/news\/","og_site_name":"Giudecca Arquitectos","article_publisher":"https:\/\/www.facebook.com\/profile.php?id=100064851346532","article_modified_time":"2023-05-23T12:58:23+00:00","twitter_card":"summary_large_image","twitter_site":"@GiudeccaArqui","twitter_misc":{"Est. reading time":"1 minute"},"schema":{"@context":"https:\/\/schema.org","@graph":[{"@type":"WebPage","@id":"https:\/\/giudeccaarquitectos.com\/news\/","url":"https:\/\/giudeccaarquitectos.com\/news\/","name":"News - Giudecca Arquitectos","isPartOf":{"@id":"https:\/\/giudeccaarquitectos.com\/#website"},"datePublished":"2023-02-21T09:50:20+00:00","dateModified":"2023-05-23T12:58:23+00:00","breadcrumb":{"@id":"https:\/\/giudeccaarquitectos.com\/news\/#breadcrumb"},"inLanguage":"en-US","potentialAction":[{"@type":"ReadAction","target":["https:\/\/giudeccaarquitectos.com\/news\/"]}]},{"@type":"BreadcrumbList","@id":"https:\/\/giudeccaarquitectos.com\/news\/#breadcrumb","itemListElement":[{"@type":"ListItem","position":1,"name":"Portada","item":"https:\/\/giudeccaarquitectos.com\/"},{"@type":"ListItem","position":2,"name":"News"}]},{"@type":"WebSite","@id":"https:\/\/giudeccaarquitectos.com\/#website","url":"https:\/\/giudeccaarquitectos.com\/","name":"Giudecca Arquitectos","description":"","publisher":{"@id":"https:\/\/giudeccaarquitectos.com\/#organization"},"potentialAction":[{"@type":"SearchAction","target":{"@type":"EntryPoint","urlTemplate":"https:\/\/giudeccaarquitectos.com\/?s={search_term_string}"},"query-input":"required name=search_term_string"}],"inLanguage":"en-US"},{"@type":"Organization","@id":"https:\/\/giudeccaarquitectos.com\/#organization","name":"Giudecca Arquitectos","url":"https:\/\/giudeccaarquitectos.com\/","logo":{"@type":"ImageObject","inLanguage":"en-US","@id":"https:\/\/giudeccaarquitectos.com\/#\/schema\/logo\/image\/","url":"https:\/\/giudeccaarquitectos.com\/wp-content\/uploads\/2023\/03\/ga2020-logo_-pagiprincipmenos1-1.png","contentUrl":"https:\/\/giudeccaarquitectos.com\/wp-content\/uploads\/2023\/03\/ga2020-logo_-pagiprincipmenos1-1.png","width":245,"height":245,"caption":"Giudecca Arquitectos"},"image":{"@id":"https:\/\/giudeccaarquitectos.com\/#\/schema\/logo\/image\/"},"sameAs":["https:\/\/www.facebook.com\/profile.php?id=100064851346532","https:\/\/x.com\/GiudeccaArqui","https:\/\/www.instagram.com\/giudeccaarquitectos\/"]}]}},"_links":{"self":[{"href":"https:\/\/giudeccaarquitectos.com\/en\/wp-json\/wp\/v2\/pages\/10","targetHints":{"allow":["GET"]}}],"collection":[{"href":"https:\/\/giudeccaarquitectos.com\/en\/wp-json\/wp\/v2\/pages"}],"about":[{"href":"https:\/\/giudeccaarquitectos.com\/en\/wp-json\/wp\/v2\/types\/page"}],"author":[{"embeddable":true,"href":"https:\/\/giudeccaarquitectos.com\/en\/wp-json\/wp\/v2\/users\/1"}],"replies":[{"embeddable":true,"href":"https:\/\/giudeccaarquitectos.com\/en\/wp-json\/wp\/v2\/comments?post=10"}],"version-history":[{"count":61,"href":"https:\/\/giudeccaarquitectos.com\/en\/wp-json\/wp\/v2\/pages\/10\/revisions"}],"predecessor-version":[{"id":2454,"href":"https:\/\/giudeccaarquitectos.com\/en\/wp-json\/wp\/v2\/pages\/10\/revisions\/2454"}],"wp:attachment":[{"href":"https:\/\/giudeccaarquitectos.com\/en\/wp-json\/wp\/v2\/media?parent=10"}],"curies":[{"name":"wp","href":"https:\/\/api.w.org\/{rel}","templated":true}]}}