{"id":13,"date":"2023-02-21T10:34:42","date_gmt":"2023-02-21T10:34:42","guid":{"rendered":"https:\/\/giudeccaarquitectos.com\/?page_id=13"},"modified":"2023-11-23T17:59:09","modified_gmt":"2023-11-23T17:59:09","slug":"office","status":"publish","type":"page","link":"https:\/\/giudeccaarquitectos.com\/en\/office\/","title":{"rendered":"Office"},"content":{"rendered":"<div data-elementor-type=\"wp-page\" data-elementor-id=\"13\" class=\"elementor elementor-13\">\n\t\t\t\t\t\t<section class=\"elementor-section elementor-top-section elementor-element elementor-element-d1d3b44 animated-slow elementor-section-boxed elementor-section-height-default elementor-section-height-default elementor-invisible\" data-id=\"d1d3b44\" data-element_type=\"section\" data-settings=\"{&quot;animation&quot;:&quot;fadeIn&quot;,&quot;animation_delay&quot;:200}\">\n\t\t\t\t\t\t<div class=\"elementor-container elementor-column-gap-default\">\n\t\t\t\t\t<div class=\"elementor-column elementor-col-33 elementor-top-column elementor-element elementor-element-fa1d263\" data-id=\"fa1d263\" data-element_type=\"column\">\n\t\t\t<div class=\"elementor-widget-wrap elementor-element-populated\">\n\t\t\t\t\t\t<div class=\"elementor-element elementor-element-452f082 elementor-widget elementor-widget-heading\" data-id=\"452f082\" data-element_type=\"widget\" data-widget_type=\"heading.default\">\n\t\t\t\t<div class=\"elementor-widget-container\">\n\t\t\t<style>\/*! elementor - v3.21.0 - 22-05-2024 *\/\n.elementor-heading-title{padding:0;margin:0;line-height:1}.elementor-widget-heading .elementor-heading-title[class*=elementor-size-]>a{color:inherit;font-size:inherit;line-height:inherit}.elementor-widget-heading .elementor-heading-title.elementor-size-small{font-size:15px}.elementor-widget-heading .elementor-heading-title.elementor-size-medium{font-size:19px}.elementor-widget-heading .elementor-heading-title.elementor-size-large{font-size:29px}.elementor-widget-heading .elementor-heading-title.elementor-size-xl{font-size:39px}.elementor-widget-heading .elementor-heading-title.elementor-size-xxl{font-size:59px}<\/style><p class=\"elementor-heading-title elementor-size-default\">Architecs<\/p>\t\t<\/div>\n\t\t\t\t<\/div>\n\t\t\t\t<div class=\"elementor-element elementor-element-7567845 elementor-absolute elementor-widget__width-initial elementor-widget elementor-widget-heading\" data-id=\"7567845\" data-element_type=\"widget\" data-settings=\"{&quot;_position&quot;:&quot;absolute&quot;}\" data-widget_type=\"heading.default\">\n\t\t\t\t<div class=\"elementor-widget-container\">\n\t\t\t<p class=\"elementor-heading-title elementor-size-default\"><a href=\"https:\/\/giudeccaarquitectos.com\/en\/office\/melina-pozo-bernal\/\" style=\"text-decoration:none;\">Melina Pozo Bernal<\/a>\n<br><br>\n<a href=\"https:\/\/giudeccaarquitectos.com\/en\/office\/esther-mayoral-campa\/\" style=\"text-decoration:none;\">Esther Mayoral Campa<\/a>\n<br><br>\n<a href=\"https:\/\/giudeccaarquitectos.com\/en\/office\/cristobal-miro-miro\/\" style=\"text-decoration:none;\">Crist\u00f3bal Mir\u00f3 Mir\u00f3<\/a><\/p>\t\t<\/div>\n\t\t\t\t<\/div>\n\t\t\t\t\t<\/div>\n\t\t<\/div>\n\t\t\t\t<div class=\"elementor-column elementor-col-33 elementor-top-column elementor-element elementor-element-7ad0779\" data-id=\"7ad0779\" data-element_type=\"column\">\n\t\t\t<div class=\"elementor-widget-wrap\">\n\t\t\t\t\t\t\t<\/div>\n\t\t<\/div>\n\t\t\t\t<div class=\"elementor-column elementor-col-33 elementor-top-column elementor-element elementor-element-9b2e411\" data-id=\"9b2e411\" data-element_type=\"column\">\n\t\t\t<div class=\"elementor-widget-wrap elementor-element-populated\">\n\t\t\t\t\t\t<div class=\"elementor-element elementor-element-c3640bd elementor-widget elementor-widget-image\" data-id=\"c3640bd\" data-element_type=\"widget\" data-widget_type=\"image.default\">\n\t\t\t\t<div class=\"elementor-widget-container\">\n\t\t\t<style>\/*! elementor - v3.21.0 - 22-05-2024 *\/\n.elementor-widget-image{text-align:center}.elementor-widget-image a{display:inline-block}.elementor-widget-image a img[src$=\".svg\"]{width:48px}.elementor-widget-image img{vertical-align:middle;display:inline-block}<\/style>\t\t\t\t\t\t\t\t\t\t<img fetchpriority=\"high\" decoding=\"async\" width=\"973\" height=\"282\" src=\"https:\/\/giudeccaarquitectos.com\/wp-content\/uploads\/2023\/11\/FOTO-ESTUDIO.jpg\" class=\"attachment-full size-full wp-image-3143\" alt=\"\" srcset=\"https:\/\/giudeccaarquitectos.com\/wp-content\/uploads\/2023\/11\/FOTO-ESTUDIO.jpg 973w, https:\/\/giudeccaarquitectos.com\/wp-content\/uploads\/2023\/11\/FOTO-ESTUDIO-300x87.jpg 300w, https:\/\/giudeccaarquitectos.com\/wp-content\/uploads\/2023\/11\/FOTO-ESTUDIO-768x223.jpg 768w, https:\/\/giudeccaarquitectos.com\/wp-content\/uploads\/2023\/11\/FOTO-ESTUDIO-18x5.jpg 18w\" sizes=\"(max-width: 973px) 100vw, 973px\" \/>\t\t\t\t\t\t\t\t\t\t\t\t\t<\/div>\n\t\t\t\t<\/div>\n\t\t\t\t<div class=\"elementor-element elementor-element-2be5b9d elementor-widget elementor-widget-heading\" data-id=\"2be5b9d\" data-element_type=\"widget\" data-widget_type=\"heading.default\">\n\t\t\t\t<div class=\"elementor-widget-container\">\n\t\t\t<p class=\"elementor-heading-title elementor-size-default\">Giudecca Arquitectos is an architectural firm based in Seville, formed by Melina Pozo Bernal, Esther Mayoral Campa and Crist\u00f3bal Mir\u00f3 Mir\u00f3. The three of us are graduates in Architecture and Doctors of Architecture from the School of Architecture of the University of Seville. We combine our professional activity since 2003, with teaching and research at the ETSAS of Seville and as members of the Research Group HUM_789 of the University of Seville: \"New Situations, Other Architectures\".<\/p>\t\t<\/div>\n\t\t\t\t<\/div>\n\t\t\t\t<div class=\"elementor-element elementor-element-cecb141 elementor-widget elementor-widget-heading\" data-id=\"cecb141\" data-element_type=\"widget\" data-widget_type=\"heading.default\">\n\t\t\t\t<div class=\"elementor-widget-container\">\n\t\t\t<p class=\"elementor-heading-title elementor-size-default\">The studio understands architecture as one more dimension of the human being, proposing to its clients solutions that respond to the different scales of action, in the environmental, social, pedagogical and psychological perception of spaces.\nWe believe that our work is a valid means to promote the necessary changes that society demands from Architecture. The continuous and increasingly accelerated transformation that our world is undergoing cannot have a single and rigid response from our discipline, but on the contrary requires a constant updating and renewal of our knowledge and means. We believe in continuous training and updating, and we do so through continuous research that can address the different scales of intervention, but always with an energetic and positivist impulse.\n<\/p>\t\t<\/div>\n\t\t\t\t<\/div>\n\t\t\t\t<div class=\"elementor-element elementor-element-e0c7932 elementor-widget elementor-widget-heading\" data-id=\"e0c7932\" data-element_type=\"widget\" data-widget_type=\"heading.default\">\n\t\t\t\t<div class=\"elementor-widget-container\">\n\t\t\t<p class=\"elementor-heading-title elementor-size-default\">Since 2019 Giudecca Arquitectos has been accredited as an associate to obtain the BREAM environmental sustainability certification.<\/p>\t\t<\/div>\n\t\t\t\t<\/div>\n\t\t\t\t\t<\/div>\n\t\t<\/div>\n\t\t\t\t\t<\/div>\n\t\t<\/section>\n\t\t\t\t<\/div>","protected":false},"excerpt":{"rendered":"<p>Arquitectos Melina Pozo Bernal Esther Mayoral Campa Crist\u00f3bal Mir\u00f3 Mir\u00f3 Giudecca Arquitectos es un estudio de arquitectura con sede en Sevilla, formado por Melina Pozo Bernal, Esther Mayoral Campa y Crist\u00f3bal Mir\u00f3 Mir\u00f3. Los tres somos titulados en Arquitectura y Doctores en Arquitectura por la Escuela T\u00e9cnica Superior de Arquitectura de la Universidad de Sevilla. [&hellip;]<\/p>","protected":false},"author":1,"featured_media":0,"parent":0,"menu_order":0,"comment_status":"closed","ping_status":"closed","template":"elementor_header_footer","meta":{"site-sidebar-layout":"no-sidebar","site-content-layout":"page-builder","ast-site-content-layout":"","site-content-style":"default","site-sidebar-style":"default","ast-global-header-display":"","ast-banner-title-visibility":"","ast-main-header-display":"","ast-hfb-above-header-display":"","ast-hfb-below-header-display":"","ast-hfb-mobile-header-display":"","site-post-title":"disabled","ast-breadcrumbs-content":"","ast-featured-img":"disabled","footer-sml-layout":"","theme-transparent-header-meta":"","adv-header-id-meta":"","stick-header-meta":"","header-above-stick-meta":"","header-main-stick-meta":"","header-below-stick-meta":"","astra-migrate-meta-layouts":"default","ast-page-background-enabled":"default","ast-page-background-meta":{"desktop":{"background-color":"var(--ast-global-color-4)","background-image":"","background-repeat":"repeat","background-position":"center center","background-size":"auto","background-attachment":"scroll","background-type":"","background-media":"","overlay-type":"","overlay-color":"","overlay-gradient":""},"tablet":{"background-color":"","background-image":"","background-repeat":"repeat","background-position":"center center","background-size":"auto","background-attachment":"scroll","background-type":"","background-media":"","overlay-type":"","overlay-color":"","overlay-gradient":""},"mobile":{"background-color":"","background-image":"","background-repeat":"repeat","background-position":"center center","background-size":"auto","background-attachment":"scroll","background-type":"","background-media":"","overlay-type":"","overlay-color":"","overlay-gradient":""}},"ast-content-background-meta":{"desktop":{"background-color":"var(--ast-global-color-5)","background-image":"","background-repeat":"repeat","background-position":"center center","background-size":"auto","background-attachment":"scroll","background-type":"","background-media":"","overlay-type":"","overlay-color":"","overlay-gradient":""},"tablet":{"background-color":"var(--ast-global-color-5)","background-image":"","background-repeat":"repeat","background-position":"center center","background-size":"auto","background-attachment":"scroll","background-type":"","background-media":"","overlay-type":"","overlay-color":"","overlay-gradient":""},"mobile":{"background-color":"var(--ast-global-color-5)","background-image":"","background-repeat":"repeat","background-position":"center center","background-size":"auto","background-attachment":"scroll","background-type":"","background-media":"","overlay-type":"","overlay-color":"","overlay-gradient":""}},"footnotes":""},"class_list":["post-13","page","type-page","status-publish","hentry"],"yoast_head":"<!-- This site is optimized with the Yoast SEO plugin v22.7 - https:\/\/yoast.com\/wordpress\/plugins\/seo\/ -->\n<title>Office - Giudecca Arquitectos<\/title>\n<meta name=\"robots\" content=\"index, follow, max-snippet:-1, max-image-preview:large, max-video-preview:-1\" \/>\n<link rel=\"canonical\" href=\"https:\/\/giudeccaarquitectos.com\/en\/office\/\" \/>\n<meta property=\"og:locale\" content=\"en_US\" \/>\n<meta property=\"og:type\" content=\"article\" \/>\n<meta property=\"og:title\" content=\"Office - Giudecca Arquitectos\" \/>\n<meta property=\"og:description\" content=\"Arquitectos Melina Pozo Bernal Esther Mayoral Campa Crist\u00f3bal Mir\u00f3 Mir\u00f3 Giudecca Arquitectos es un estudio de arquitectura con sede en Sevilla, formado por Melina Pozo Bernal, Esther Mayoral Campa y Crist\u00f3bal Mir\u00f3 Mir\u00f3. Los tres somos titulados en Arquitectura y Doctores en Arquitectura por la Escuela T\u00e9cnica Superior de Arquitectura de la Universidad de Sevilla. [&hellip;]\" \/>\n<meta property=\"og:url\" content=\"https:\/\/giudeccaarquitectos.com\/en\/office\/\" \/>\n<meta property=\"og:site_name\" content=\"Giudecca Arquitectos\" \/>\n<meta property=\"article:publisher\" content=\"https:\/\/www.facebook.com\/profile.php?id=100064851346532\" \/>\n<meta property=\"article:modified_time\" content=\"2023-11-23T17:59:09+00:00\" \/>\n<meta property=\"og:image\" content=\"https:\/\/giudeccaarquitectos.com\/wp-content\/uploads\/2023\/11\/FOTO-ESTUDIO.jpg\" \/>\n<meta name=\"twitter:card\" content=\"summary_large_image\" \/>\n<meta name=\"twitter:site\" content=\"@GiudeccaArqui\" \/>\n<meta name=\"twitter:label1\" content=\"Est. reading time\" \/>\n\t<meta name=\"twitter:data1\" content=\"2 minutes\" \/>\n<script type=\"application\/ld+json\" class=\"yoast-schema-graph\">{\"@context\":\"https:\/\/schema.org\",\"@graph\":[{\"@type\":\"WebPage\",\"@id\":\"https:\/\/giudeccaarquitectos.com\/office\/\",\"url\":\"https:\/\/giudeccaarquitectos.com\/office\/\",\"name\":\"Office - Giudecca Arquitectos\",\"isPartOf\":{\"@id\":\"https:\/\/giudeccaarquitectos.com\/#website\"},\"primaryImageOfPage\":{\"@id\":\"https:\/\/giudeccaarquitectos.com\/office\/#primaryimage\"},\"image\":{\"@id\":\"https:\/\/giudeccaarquitectos.com\/office\/#primaryimage\"},\"thumbnailUrl\":\"https:\/\/giudeccaarquitectos.com\/wp-content\/uploads\/2023\/11\/FOTO-ESTUDIO.jpg\",\"datePublished\":\"2023-02-21T10:34:42+00:00\",\"dateModified\":\"2023-11-23T17:59:09+00:00\",\"breadcrumb\":{\"@id\":\"https:\/\/giudeccaarquitectos.com\/office\/#breadcrumb\"},\"inLanguage\":\"en-US\",\"potentialAction\":[{\"@type\":\"ReadAction\",\"target\":[\"https:\/\/giudeccaarquitectos.com\/office\/\"]}]},{\"@type\":\"ImageObject\",\"inLanguage\":\"en-US\",\"@id\":\"https:\/\/giudeccaarquitectos.com\/office\/#primaryimage\",\"url\":\"https:\/\/giudeccaarquitectos.com\/wp-content\/uploads\/2023\/11\/FOTO-ESTUDIO.jpg\",\"contentUrl\":\"https:\/\/giudeccaarquitectos.com\/wp-content\/uploads\/2023\/11\/FOTO-ESTUDIO.jpg\"},{\"@type\":\"BreadcrumbList\",\"@id\":\"https:\/\/giudeccaarquitectos.com\/office\/#breadcrumb\",\"itemListElement\":[{\"@type\":\"ListItem\",\"position\":1,\"name\":\"Portada\",\"item\":\"https:\/\/giudeccaarquitectos.com\/\"},{\"@type\":\"ListItem\",\"position\":2,\"name\":\"Office\"}]},{\"@type\":\"WebSite\",\"@id\":\"https:\/\/giudeccaarquitectos.com\/#website\",\"url\":\"https:\/\/giudeccaarquitectos.com\/\",\"name\":\"Giudecca Arquitectos\",\"description\":\"\",\"publisher\":{\"@id\":\"https:\/\/giudeccaarquitectos.com\/#organization\"},\"potentialAction\":[{\"@type\":\"SearchAction\",\"target\":{\"@type\":\"EntryPoint\",\"urlTemplate\":\"https:\/\/giudeccaarquitectos.com\/?s={search_term_string}\"},\"query-input\":\"required name=search_term_string\"}],\"inLanguage\":\"en-US\"},{\"@type\":\"Organization\",\"@id\":\"https:\/\/giudeccaarquitectos.com\/#organization\",\"name\":\"Giudecca Arquitectos\",\"url\":\"https:\/\/giudeccaarquitectos.com\/\",\"logo\":{\"@type\":\"ImageObject\",\"inLanguage\":\"en-US\",\"@id\":\"https:\/\/giudeccaarquitectos.com\/#\/schema\/logo\/image\/\",\"url\":\"https:\/\/giudeccaarquitectos.com\/wp-content\/uploads\/2023\/03\/ga2020-logo_-pagiprincipmenos1-1.png\",\"contentUrl\":\"https:\/\/giudeccaarquitectos.com\/wp-content\/uploads\/2023\/03\/ga2020-logo_-pagiprincipmenos1-1.png\",\"width\":245,\"height\":245,\"caption\":\"Giudecca Arquitectos\"},\"image\":{\"@id\":\"https:\/\/giudeccaarquitectos.com\/#\/schema\/logo\/image\/\"},\"sameAs\":[\"https:\/\/www.facebook.com\/profile.php?id=100064851346532\",\"https:\/\/x.com\/GiudeccaArqui\",\"https:\/\/www.instagram.com\/giudeccaarquitectos\/\"]}]}<\/script>\n<!-- \/ Yoast SEO plugin. -->","yoast_head_json":{"title":"Office - Giudecca Arquitectos","robots":{"index":"index","follow":"follow","max-snippet":"max-snippet:-1","max-image-preview":"max-image-preview:large","max-video-preview":"max-video-preview:-1"},"canonical":"https:\/\/giudeccaarquitectos.com\/en\/office\/","og_locale":"en_US","og_type":"article","og_title":"Office - Giudecca Arquitectos","og_description":"Arquitectos Melina Pozo Bernal Esther Mayoral Campa Crist\u00f3bal Mir\u00f3 Mir\u00f3 Giudecca Arquitectos es un estudio de arquitectura con sede en Sevilla, formado por Melina Pozo Bernal, Esther Mayoral Campa y Crist\u00f3bal Mir\u00f3 Mir\u00f3. Los tres somos titulados en Arquitectura y Doctores en Arquitectura por la Escuela T\u00e9cnica Superior de Arquitectura de la Universidad de Sevilla. [&hellip;]","og_url":"https:\/\/giudeccaarquitectos.com\/en\/office\/","og_site_name":"Giudecca Arquitectos","article_publisher":"https:\/\/www.facebook.com\/profile.php?id=100064851346532","article_modified_time":"2023-11-23T17:59:09+00:00","og_image":[{"url":"https:\/\/giudeccaarquitectos.com\/wp-content\/uploads\/2023\/11\/FOTO-ESTUDIO.jpg"}],"twitter_card":"summary_large_image","twitter_site":"@GiudeccaArqui","twitter_misc":{"Est. reading time":"2 minutes"},"schema":{"@context":"https:\/\/schema.org","@graph":[{"@type":"WebPage","@id":"https:\/\/giudeccaarquitectos.com\/office\/","url":"https:\/\/giudeccaarquitectos.com\/office\/","name":"Office - Giudecca Arquitectos","isPartOf":{"@id":"https:\/\/giudeccaarquitectos.com\/#website"},"primaryImageOfPage":{"@id":"https:\/\/giudeccaarquitectos.com\/office\/#primaryimage"},"image":{"@id":"https:\/\/giudeccaarquitectos.com\/office\/#primaryimage"},"thumbnailUrl":"https:\/\/giudeccaarquitectos.com\/wp-content\/uploads\/2023\/11\/FOTO-ESTUDIO.jpg","datePublished":"2023-02-21T10:34:42+00:00","dateModified":"2023-11-23T17:59:09+00:00","breadcrumb":{"@id":"https:\/\/giudeccaarquitectos.com\/office\/#breadcrumb"},"inLanguage":"en-US","potentialAction":[{"@type":"ReadAction","target":["https:\/\/giudeccaarquitectos.com\/office\/"]}]},{"@type":"ImageObject","inLanguage":"en-US","@id":"https:\/\/giudeccaarquitectos.com\/office\/#primaryimage","url":"https:\/\/giudeccaarquitectos.com\/wp-content\/uploads\/2023\/11\/FOTO-ESTUDIO.jpg","contentUrl":"https:\/\/giudeccaarquitectos.com\/wp-content\/uploads\/2023\/11\/FOTO-ESTUDIO.jpg"},{"@type":"BreadcrumbList","@id":"https:\/\/giudeccaarquitectos.com\/office\/#breadcrumb","itemListElement":[{"@type":"ListItem","position":1,"name":"Portada","item":"https:\/\/giudeccaarquitectos.com\/"},{"@type":"ListItem","position":2,"name":"Office"}]},{"@type":"WebSite","@id":"https:\/\/giudeccaarquitectos.com\/#website","url":"https:\/\/giudeccaarquitectos.com\/","name":"Giudecca Arquitectos","description":"","publisher":{"@id":"https:\/\/giudeccaarquitectos.com\/#organization"},"potentialAction":[{"@type":"SearchAction","target":{"@type":"EntryPoint","urlTemplate":"https:\/\/giudeccaarquitectos.com\/?s={search_term_string}"},"query-input":"required name=search_term_string"}],"inLanguage":"en-US"},{"@type":"Organization","@id":"https:\/\/giudeccaarquitectos.com\/#organization","name":"Giudecca Arquitectos","url":"https:\/\/giudeccaarquitectos.com\/","logo":{"@type":"ImageObject","inLanguage":"en-US","@id":"https:\/\/giudeccaarquitectos.com\/#\/schema\/logo\/image\/","url":"https:\/\/giudeccaarquitectos.com\/wp-content\/uploads\/2023\/03\/ga2020-logo_-pagiprincipmenos1-1.png","contentUrl":"https:\/\/giudeccaarquitectos.com\/wp-content\/uploads\/2023\/03\/ga2020-logo_-pagiprincipmenos1-1.png","width":245,"height":245,"caption":"Giudecca Arquitectos"},"image":{"@id":"https:\/\/giudeccaarquitectos.com\/#\/schema\/logo\/image\/"},"sameAs":["https:\/\/www.facebook.com\/profile.php?id=100064851346532","https:\/\/x.com\/GiudeccaArqui","https:\/\/www.instagram.com\/giudeccaarquitectos\/"]}]}},"_links":{"self":[{"href":"https:\/\/giudeccaarquitectos.com\/en\/wp-json\/wp\/v2\/pages\/13","targetHints":{"allow":["GET"]}}],"collection":[{"href":"https:\/\/giudeccaarquitectos.com\/en\/wp-json\/wp\/v2\/pages"}],"about":[{"href":"https:\/\/giudeccaarquitectos.com\/en\/wp-json\/wp\/v2\/types\/page"}],"author":[{"embeddable":true,"href":"https:\/\/giudeccaarquitectos.com\/en\/wp-json\/wp\/v2\/users\/1"}],"replies":[{"embeddable":true,"href":"https:\/\/giudeccaarquitectos.com\/en\/wp-json\/wp\/v2\/comments?post=13"}],"version-history":[{"count":480,"href":"https:\/\/giudeccaarquitectos.com\/en\/wp-json\/wp\/v2\/pages\/13\/revisions"}],"predecessor-version":[{"id":3146,"href":"https:\/\/giudeccaarquitectos.com\/en\/wp-json\/wp\/v2\/pages\/13\/revisions\/3146"}],"wp:attachment":[{"href":"https:\/\/giudeccaarquitectos.com\/en\/wp-json\/wp\/v2\/media?parent=13"}],"curies":[{"name":"wp","href":"https:\/\/api.w.org\/{rel}","templated":true}]}}